{"id":5678,"date":"2019-01-08T11:55:19","date_gmt":"2019-01-08T11:55:19","guid":{"rendered":"http:\/\/www.alfast.al\/produkt\/baze-tavoline-al35579\/"},"modified":"2019-01-08T11:55:19","modified_gmt":"2019-01-08T11:55:19","slug":"baze-tavoline-al35579","status":"publish","type":"product","link":"https:\/\/www.alfast.al\/en\/produkt\/baze-tavoline-al35579\/","title":{"rendered":"Baz\u00eb Tavoline AL35579"},"content":{"rendered":"","protected":false},"excerpt":{"rendered":"<p>Tavoline Gize, P\u00ebrmasat b\u00ebr\u00eb standarte ose me porosi. Kapaku HPL sipas kerkeses.<\/p>\n","protected":false},"featured_media":5644,"template":"","meta":[],"_links":{"self":[{"href":"https:\/\/www.alfast.al\/en\/wp-json\/wp\/v2\/product\/5678"}],"collection":[{"href":"https:\/\/www.alfast.al\/en\/wp-json\/wp\/v2\/product"}],"about":[{"href":"https:\/\/www.alfast.al\/en\/wp-json\/wp\/v2\/types\/product"}],"wp:featuredmedia":[{"embeddable":true,"href":"https:\/\/www.alfast.al\/en\/wp-json\/wp\/v2\/media\/5644"}],"wp:attachment":[{"href":"https:\/\/www.alfast.al\/en\/wp-json\/wp\/v2\/media?parent=5678"}],"curies":[{"name":"wp","href":"https:\/\/api.w.org\/{rel}","templated":true}]}}