{"id":5414,"date":"2018-02-15T18:45:22","date_gmt":"2018-02-15T18:45:22","guid":{"rendered":"http:\/\/www.alfast.al\/produkt\/karrige-elegance\/"},"modified":"2018-03-04T19:58:39","modified_gmt":"2018-03-04T19:58:39","slug":"karrige-elegance","status":"publish","type":"product","link":"https:\/\/www.alfast.al\/en\/produkt\/karrige-elegance\/","title":{"rendered":"Karrige Elegance"},"content":{"rendered":"","protected":false},"excerpt":{"rendered":"<p>Karrige Metalike Hekuri. E rehatshme, mund ti shtohet ndenj\u00ebse sfungjeri. Lyer me boj\u00eb elektrostatike, me cil\u00ebsi t\u00eb mira duruese dhe me ngjyra sipas k\u00ebrkes\u00ebs s\u00eb porosit\u00ebsit. Larmi copash e ngjyrash tapicerie n\u00eb var\u00ebsi t\u00eb p\u00ebrzgjedhjes s\u00eb porosit\u00ebsit. <\/p>\n","protected":false},"featured_media":5345,"template":"","meta":[],"_links":{"self":[{"href":"https:\/\/www.alfast.al\/en\/wp-json\/wp\/v2\/product\/5414"}],"collection":[{"href":"https:\/\/www.alfast.al\/en\/wp-json\/wp\/v2\/product"}],"about":[{"href":"https:\/\/www.alfast.al\/en\/wp-json\/wp\/v2\/types\/product"}],"wp:featuredmedia":[{"embeddable":true,"href":"https:\/\/www.alfast.al\/en\/wp-json\/wp\/v2\/media\/5345"}],"wp:attachment":[{"href":"https:\/\/www.alfast.al\/en\/wp-json\/wp\/v2\/media?parent=5414"}],"curies":[{"name":"wp","href":"https:\/\/api.w.org\/{rel}","templated":true}]}}