{"id":5380,"date":"2018-02-16T08:27:34","date_gmt":"2018-02-16T08:27:34","guid":{"rendered":"http:\/\/www.alfast.al\/produkt\/karrige-maria\/"},"modified":"2018-03-04T19:57:29","modified_gmt":"2018-03-04T19:57:29","slug":"karrige-maria","status":"publish","type":"product","link":"https:\/\/www.alfast.al\/en\/produkt\/karrige-maria\/","title":{"rendered":"Karrige Maria"},"content":{"rendered":"","protected":false},"excerpt":{"rendered":"<p>Karrige Metalike Hekuri. E rehatshme me ndenj\u00ebse sfungjeri.<br \/>\nLyer me boj\u00eb elektrostatike, me cil\u00ebsi t\u00eb mira duruese dhe me ngjyra sipas k\u00ebrkes\u00ebs s\u00eb porosit\u00ebsit.<br \/>\nLarmi copash e ngjyrash tapicerie n\u00eb var\u00ebsi t\u00eb p\u00ebrzgjedhjes s\u00eb porosit\u00ebsit. <\/p>\n","protected":false},"featured_media":5154,"template":"","meta":[],"_links":{"self":[{"href":"https:\/\/www.alfast.al\/en\/wp-json\/wp\/v2\/product\/5380"}],"collection":[{"href":"https:\/\/www.alfast.al\/en\/wp-json\/wp\/v2\/product"}],"about":[{"href":"https:\/\/www.alfast.al\/en\/wp-json\/wp\/v2\/types\/product"}],"wp:featuredmedia":[{"embeddable":true,"href":"https:\/\/www.alfast.al\/en\/wp-json\/wp\/v2\/media\/5154"}],"wp:attachment":[{"href":"https:\/\/www.alfast.al\/en\/wp-json\/wp\/v2\/media?parent=5380"}],"curies":[{"name":"wp","href":"https:\/\/api.w.org\/{rel}","templated":true}]}}