{"id":5377,"date":"2018-02-16T09:17:31","date_gmt":"2018-02-16T09:17:31","guid":{"rendered":"http:\/\/www.alfast.al\/produkt\/karrige-martina\/"},"modified":"2018-03-04T19:57:12","modified_gmt":"2018-03-04T19:57:12","slug":"karrige-martina","status":"publish","type":"product","link":"https:\/\/www.alfast.al\/en\/produkt\/karrige-martina\/","title":{"rendered":"Karrige Martina"},"content":{"rendered":"","protected":false},"excerpt":{"rendered":"<p>Karrige me strukture Hekuri, dhe nderthurje prej litari biologjik, nga zhuke e detit, material me rehati dhe durueshmeri t\u00eb madhe.<br \/>\nModel t\u00eb ve\u00e7ant\u00eb. Lyer me boj\u00eb elektrostatike, me cil\u00ebsi t\u00eb mira duruese dhe me ngjyra sipas k\u00ebrkes\u00ebs s\u00eb porosit\u00ebsit. <\/p>\n","protected":false},"featured_media":5179,"template":"","meta":[],"_links":{"self":[{"href":"https:\/\/www.alfast.al\/en\/wp-json\/wp\/v2\/product\/5377"}],"collection":[{"href":"https:\/\/www.alfast.al\/en\/wp-json\/wp\/v2\/product"}],"about":[{"href":"https:\/\/www.alfast.al\/en\/wp-json\/wp\/v2\/types\/product"}],"wp:featuredmedia":[{"embeddable":true,"href":"https:\/\/www.alfast.al\/en\/wp-json\/wp\/v2\/media\/5179"}],"wp:attachment":[{"href":"https:\/\/www.alfast.al\/en\/wp-json\/wp\/v2\/media?parent=5377"}],"curies":[{"name":"wp","href":"https:\/\/api.w.org\/{rel}","templated":true}]}}